{"id":109,"date":"2014-02-21T21:14:26","date_gmt":"2014-02-21T20:14:26","guid":{"rendered":"http:\/\/www.chotanagpurgruppe.de\/?page_id=109"},"modified":"2026-01-08T12:11:31","modified_gmt":"2026-01-08T11:11:31","slug":"impressum","status":"publish","type":"page","link":"https:\/\/www.chotanagpurgruppe.de\/?page_id=109","title":{"rendered":"Impressum"},"content":{"rendered":"<p>Chotanagpurgruppe Faire Handels GmbH<br \/>\nGro\u00dfer Sand 37-41<br \/>\n25436 Uetersen<br \/>\nDeutschland<\/p>\n<p>Tel.: 041 22 \u2013 84 39 663<br \/>\nE-Mail: <a href=\"mailto:vertrieb@chotanagpurgruppe.de\">vertrieb@chotanagpurgruppe.de<\/a><\/p>\n<p>Registergericht: Amtsgericht Pinneberg<br \/>\nRegisternummer: HRB 87 28 PI<\/p>\n<p>Gesch\u00e4ftsf\u00fchrerin: Nina Kl\u00fctz<\/p>\n<p>Umsatzsteuer-Identifikationsnummer gem\u00e4\u00df \u00a7 27 a Umsatzsteuergesetz: DE272491384<\/p>\n<p>Plattform der EU-Kommission zur Online-Streitbeilegung: <a href=\"https:\/\/ec.europa.eu\/odr\">https:\/\/ec.europa.eu\/odr<\/a><\/p>\n<p>Wir sind zur Teilnahme an einem Streitbeilegungsverfahren vor einer Verbraucherschlichtungsstelle weder verpflichtet noch bereit.<\/p>\n<div style=\"display: block; background-color: #fbfbfb; color: #292929; border: 1px solid gray; padding: 15px; font-family: Helvetica,Arial,sans-serif; font-size: 14px; font-style: normal;\"><img loading=\"lazy\" decoding=\"async\" style=\"float: left; margin-right: 10px;\" src=\"https:\/\/www.chotanagpurgruppe.de\/wp-content\/uploads\/2020\/04\/logo-fairness.png\" alt=\"Initiative: Fairness im Handel\" width=\"80\" height=\"90\" \/><\/p>\n<p style=\"padding-top: 10px;\">Mitglied der Initiative &#8222;Fairness im Handel&#8220;.<br \/>\nInformationen zur Initiative: <a style=\"color: #ef7b00;\" href=\"https:\/\/www.fairness-im-handel.de\" target=\"_blank\" rel=\"noopener noreferrer\">https:\/\/www.fairness-im-handel.de <\/a><\/p>\n<div style=\"clear: both;\"><\/div>\n<\/div>\n<p><strong>Haftungshinweis:<\/strong><\/p>\n<p>Trotz sorgf\u00e4ltiger inhaltlicher Kontrolle \u00fcbernehmen wir keine Haftung f\u00fcr die Inhalte externer Links. F\u00fcr den Inhalt der verlinkten Seiten sind ausschlie\u00dflich deren Betreiber verantwortlich.<\/p>\n<p><img decoding=\"async\" src=\"https:\/\/www.it-recht-kanzlei.de\/logo\/Logo_Juristisch_betreut_durch_IT-Recht_Kanzlei.png?i=3afce-21750-39c6-907c-1\" alt=\"Vertreten durch die IT-Recht Kanzlei\" \/><\/p>\n","protected":false},"excerpt":{"rendered":"<p>Chotanagpurgruppe Faire Handels GmbH Gro\u00dfer Sand 37-41 25436 Uetersen Deutschland Tel.: 041 22 \u2013 84 39 663 E-Mail: vertrieb@chotanagpurgruppe.de Registergericht: Amtsgericht Pinneberg Registernummer: HRB 87 28 PI Gesch\u00e4ftsf\u00fchrerin: Nina Kl\u00fctz Umsatzsteuer-Identifikationsnummer gem\u00e4\u00df \u00a7 27 a Umsatzsteuergesetz: DE272491384 Plattform der EU-Kommission zur Online-Streitbeilegung: https:\/\/ec.europa.eu\/odr Wir sind zur Teilnahme an einem Streitbeilegungsverfahren vor einer Verbraucherschlichtungsstelle weder verpflichtet noch bereit. Mitglied der Initiative &#8222;Fairness im Handel&#8220;. Informationen zur Initiative: https:\/\/www.fairness-im-handel.de Haftungshinweis: Trotz sorgf\u00e4ltiger inhaltlicher Kontrolle \u00fcbernehmen wir keine Haftung f\u00fcr die Inhalte externer Links. F\u00fcr den Inhalt der verlinkten Seiten sind ausschlie\u00dflich deren Betreiber verantwortlich.<\/p>\n","protected":false},"author":2,"featured_media":0,"parent":0,"menu_order":0,"comment_status":"closed","ping_status":"open","template":"","meta":{"footnotes":""},"class_list":["post-109","page","type-page","status-publish","hentry"],"_links":{"self":[{"href":"https:\/\/www.chotanagpurgruppe.de\/index.php?rest_route=\/wp\/v2\/pages\/109","targetHints":{"allow":["GET"]}}],"collection":[{"href":"https:\/\/www.chotanagpurgruppe.de\/index.php?rest_route=\/wp\/v2\/pages"}],"about":[{"href":"https:\/\/www.chotanagpurgruppe.de\/index.php?rest_route=\/wp\/v2\/types\/page"}],"author":[{"embeddable":true,"href":"https:\/\/www.chotanagpurgruppe.de\/index.php?rest_route=\/wp\/v2\/users\/2"}],"replies":[{"embeddable":true,"href":"https:\/\/www.chotanagpurgruppe.de\/index.php?rest_route=%2Fwp%2Fv2%2Fcomments&post=109"}],"version-history":[{"count":29,"href":"https:\/\/www.chotanagpurgruppe.de\/index.php?rest_route=\/wp\/v2\/pages\/109\/revisions"}],"predecessor-version":[{"id":1023,"href":"https:\/\/www.chotanagpurgruppe.de\/index.php?rest_route=\/wp\/v2\/pages\/109\/revisions\/1023"}],"wp:attachment":[{"href":"https:\/\/www.chotanagpurgruppe.de\/index.php?rest_route=%2Fwp%2Fv2%2Fmedia&parent=109"}],"curies":[{"name":"wp","href":"https:\/\/api.w.org\/{rel}","templated":true}]}}