{"id":6,"date":"2014-01-23T15:51:26","date_gmt":"2014-01-23T13:51:26","guid":{"rendered":"http:\/\/www.chotanagpurgruppe.de\/?page_id=6"},"modified":"2023-07-06T09:42:17","modified_gmt":"2023-07-06T08:42:17","slug":"kontakt","status":"publish","type":"page","link":"https:\/\/www.chotanagpurgruppe.de\/?page_id=6","title":{"rendered":"Kontakt"},"content":{"rendered":"<p><strong>Chotanagpurgruppe \u2013 Faire Handelsgesellschaft mbH<\/strong><br \/>\nGro\u00dfer Sand 37 &#8211; 41<br \/>\n25436 Uetersen<br \/>\nFon: 04122 &#8211; 84 39 663<br \/>\nEmail: <a href=\"mailto:vertrieb@chotanagpurgruppe.de\">vertrieb@chotanagpurgruppe.de<\/a><br \/>\n<strong>Lager, Versand: <\/strong>Walburga Thierfelder, Beate Hansen<\/p>\n<p><strong>Gesch\u00e4ftsf\u00fchrung &amp; Au\u00dfendienst:<\/strong> Nina Kl\u00fctz<br \/>\nEmail: <a href=\"mailto:beate.hansen@chotanagpurgruppe.de\">nina.kluetz@chotanagpurgruppe.de<\/a><br \/>\nMobil: 01520 \u2013 41 84 473<\/p>\n<p><strong>Au\u00dfendienst:<\/strong> Beate Hansen<br \/>\nEmail: <a href=\"mailto:beate.hansen@chotanagpurgruppe.de\">beate.hansen@chotanagpurgruppe.de<\/a><br \/>\nMobil: 0174 \u2013 56 78 454<\/p>\n<p><strong>Freundeskreis Chotanagpur Dortmund e.V.<\/strong><br \/>\nVorsitzende: Edela Hansen<br \/>\nFon: 041 02 \u2013 20 28 09<br \/>\nEmail: <a href=\"mailto:edela.hansen@web.de\">edela.hansen@web.de<\/a><\/p>\n<p>\u00dcber das folgende Kontaktformular k\u00f6nnen Sie uns ein Nachricht schicken:<\/p>\n<div class=\"wpcf7 no-js\" id=\"wpcf7-f103-o1\" lang=\"de-DE\" dir=\"ltr\" data-wpcf7-id=\"103\">\n<div class=\"screen-reader-response\">\n<p role=\"status\" aria-live=\"polite\" aria-atomic=\"true\">\n<ul><\/ul>\n<\/div>\n<form action=\"\/index.php?rest_route=%2Fwp%2Fv2%2Fpages%2F6#wpcf7-f103-o1\" method=\"post\" class=\"wpcf7-form init\" aria-label=\"Kontaktformular\" novalidate=\"novalidate\" data-status=\"init\">\n<fieldset class=\"hidden-fields-container\"><input type=\"hidden\" name=\"_wpcf7\" value=\"103\" \/><input type=\"hidden\" name=\"_wpcf7_version\" value=\"6.1.5\" \/><input type=\"hidden\" name=\"_wpcf7_locale\" value=\"de_DE\" \/><input type=\"hidden\" name=\"_wpcf7_unit_tag\" value=\"wpcf7-f103-o1\" \/><input type=\"hidden\" name=\"_wpcf7_container_post\" value=\"0\" \/><input type=\"hidden\" name=\"_wpcf7_posted_data_hash\" value=\"\" \/><br \/>\n<\/fieldset>\n<p>Ihr Name (Pflichtfeld)\n<\/p>\n<p><span class=\"wpcf7-form-control-wrap\" data-name=\"your-name\"><input size=\"40\" maxlength=\"400\" class=\"wpcf7-form-control wpcf7-text wpcf7-validates-as-required\" aria-required=\"true\" aria-invalid=\"false\" value=\"\" type=\"text\" name=\"your-name\" \/><\/span>\n<\/p>\n<p>Ihre E-Mail-Adresse (Pflichtfeld)\n<\/p>\n<p><span class=\"wpcf7-form-control-wrap\" data-name=\"your-email\"><input size=\"40\" maxlength=\"400\" class=\"wpcf7-form-control wpcf7-email wpcf7-validates-as-required wpcf7-text wpcf7-validates-as-email\" aria-required=\"true\" aria-invalid=\"false\" value=\"\" type=\"email\" name=\"your-email\" \/><\/span>\n<\/p>\n<p>Betreff\n<\/p>\n<p><span class=\"wpcf7-form-control-wrap\" data-name=\"your-subject\"><input size=\"40\" maxlength=\"400\" class=\"wpcf7-form-control wpcf7-text\" aria-invalid=\"false\" value=\"\" type=\"text\" name=\"your-subject\" \/><\/span>\n<\/p>\n<p>Ihre Nachricht\n<\/p>\n<p><span class=\"wpcf7-form-control-wrap\" data-name=\"your-message\"><textarea cols=\"40\" rows=\"10\" maxlength=\"2000\" class=\"wpcf7-form-control wpcf7-textarea\" aria-invalid=\"false\" name=\"your-message\"><\/textarea><\/span>\n<\/p>\n<p>Spamschutz: Bitte geben Sie den folgenden Code im Feld ein\n<\/p>\n<p><input type=\"hidden\" name=\"_wpcf7_captcha_challenge_captcha-696\" value=\"4242482311\" \/><img loading=\"lazy\" decoding=\"async\" class=\"wpcf7-form-control wpcf7-captchac wpcf7-captcha-captcha-696\" width=\"72\" height=\"24\" alt=\"captcha\" src=\"https:\/\/www.chotanagpurgruppe.de\/wp-content\/uploads\/wpcf7_captcha\/4242482311.png\" \/><br \/>\n<span class=\"wpcf7-form-control-wrap\" data-name=\"captcha-696\"><input size=\"40\" class=\"wpcf7-form-control wpcf7-captchar\" autocomplete=\"off\" aria-invalid=\"false\" value=\"\" type=\"text\" name=\"captcha-696\" \/><\/span>\n<\/p>\n<p>[wpgdprc &#8222;Mit der Nutzung dieses Formulars erkl\u00e4ren Sie sich mit der Speicherung und Verarbeitung Ihrer Daten durch diese Website einverstanden.&#8220;]\n<\/p>\n<p><input class=\"wpcf7-form-control wpcf7-submit has-spinner\" type=\"submit\" value=\"Senden\" \/>\n<\/p>\n<div class=\"wpcf7-response-output\" aria-hidden=\"true\"><\/div>\n<\/form>\n<\/div>\n","protected":false},"excerpt":{"rendered":"<p>Chotanagpurgruppe \u2013 Faire Handelsgesellschaft mbH Gro\u00dfer Sand 37 &#8211; 41 25436 Uetersen Fon: 04122 &#8211; 84 39 663 Email: vertrieb@chotanagpurgruppe.de Lager, Versand: Walburga Thierfelder, Beate Hansen Gesch\u00e4ftsf\u00fchrung &amp; Au\u00dfendienst: Nina Kl\u00fctz Email: nina.kluetz@chotanagpurgruppe.de Mobil: 01520 \u2013 41 84 473 Au\u00dfendienst: Beate Hansen Email: beate.hansen@chotanagpurgruppe.de Mobil: 0174 \u2013 56 78 454 Freundeskreis Chotanagpur Dortmund e.V. Vorsitzende: Edela Hansen Fon: 041 02 \u2013 20 28 09 Email: edela.hansen@web.de \u00dcber das folgende Kontaktformular k\u00f6nnen Sie uns ein Nachricht schicken: Ihr Name (Pflichtfeld) Ihre E-Mail-Adresse (Pflichtfeld) Betreff Ihre Nachricht Spamschutz: Bitte geben Sie den folgenden Code im Feld ein [wpgdprc &#8222;Mit der Nutzung dieses Formulars erkl\u00e4ren Sie sich mit der Speicherung und Verarbeitung Ihrer Daten durch diese Website einverstanden.&#8220;]<\/p>\n","protected":false},"author":2,"featured_media":0,"parent":0,"menu_order":50,"comment_status":"open","ping_status":"open","template":"","meta":{"footnotes":""},"class_list":["post-6","page","type-page","status-publish","hentry"],"_links":{"self":[{"href":"https:\/\/www.chotanagpurgruppe.de\/index.php?rest_route=\/wp\/v2\/pages\/6","targetHints":{"allow":["GET"]}}],"collection":[{"href":"https:\/\/www.chotanagpurgruppe.de\/index.php?rest_route=\/wp\/v2\/pages"}],"about":[{"href":"https:\/\/www.chotanagpurgruppe.de\/index.php?rest_route=\/wp\/v2\/types\/page"}],"author":[{"embeddable":true,"href":"https:\/\/www.chotanagpurgruppe.de\/index.php?rest_route=\/wp\/v2\/users\/2"}],"replies":[{"embeddable":true,"href":"https:\/\/www.chotanagpurgruppe.de\/index.php?rest_route=%2Fwp%2Fv2%2Fcomments&post=6"}],"version-history":[{"count":9,"href":"https:\/\/www.chotanagpurgruppe.de\/index.php?rest_route=\/wp\/v2\/pages\/6\/revisions"}],"predecessor-version":[{"id":951,"href":"https:\/\/www.chotanagpurgruppe.de\/index.php?rest_route=\/wp\/v2\/pages\/6\/revisions\/951"}],"wp:attachment":[{"href":"https:\/\/www.chotanagpurgruppe.de\/index.php?rest_route=%2Fwp%2Fv2%2Fmedia&parent=6"}],"curies":[{"name":"wp","href":"https:\/\/api.w.org\/{rel}","templated":true}]}}